{"id":543,"date":"2018-11-27T09:17:42","date_gmt":"2018-11-27T09:17:42","guid":{"rendered":"https:\/\/allroundcleaningprofessionals.nl\/index.php\/projects\/"},"modified":"2023-11-10T14:24:29","modified_gmt":"2023-11-10T13:24:29","slug":"projects","status":"publish","type":"page","link":"https:\/\/allroundcleaningprofessionals.nl\/index.php\/projects\/","title":{"rendered":"werken bij"},"content":{"rendered":"\t\t<div data-elementor-type=\"wp-post\" data-elementor-id=\"543\" class=\"elementor elementor-543\">\n\t\t\t\t\t\t<section class=\"elementor-section elementor-top-section elementor-element elementor-element-7ac9ca5 elementor-section-boxed elementor-section-height-default elementor-section-height-default\" data-id=\"7ac9ca5\" data-element_type=\"section\" data-settings=\"{&quot;background_background&quot;:&quot;classic&quot;}\">\n\t\t\t\t\t\t\t<div class=\"elementor-background-overlay\"><\/div>\n\t\t\t\t\t\t\t<div class=\"elementor-container elementor-column-gap-default\">\n\t\t\t\t\t<div class=\"elementor-column elementor-col-100 elementor-top-column elementor-element elementor-element-90988fe\" data-id=\"90988fe\" data-element_type=\"column\">\n\t\t\t<div class=\"elementor-widget-wrap elementor-element-populated\">\n\t\t\t\t\t\t<div class=\"elementor-element elementor-element-4a1c612 elementor-widget elementor-widget-heading\" data-id=\"4a1c612\" data-element_type=\"widget\" data-widget_type=\"heading.default\">\n\t\t\t\t<div class=\"elementor-widget-container\">\n\t\t\t\t\t<h1 class=\"elementor-heading-title elementor-size-default\">Kom ons team versterken<\/h1>\t\t\t\t<\/div>\n\t\t\t\t<\/div>\n\t\t\t\t\t<\/div>\n\t\t<\/div>\n\t\t\t\t\t<\/div>\n\t\t<\/section>\n\t\t<div class=\"elementor-element elementor-element-2ad86fb e-flex e-con-boxed e-con e-parent\" data-id=\"2ad86fb\" data-element_type=\"container\">\n\t\t\t\t\t<div class=\"e-con-inner\">\n\t\t\t\t<div class=\"elementor-element elementor-element-5dd82d4 elementor-widget elementor-widget-heading\" data-id=\"5dd82d4\" data-element_type=\"widget\" data-widget_type=\"heading.default\">\n\t\t\t\t<div class=\"elementor-widget-container\">\n\t\t\t\t\t<h2 class=\"elementor-heading-title elementor-size-default\">Ben jij een echte schoonmaak professional?<\/h2>\t\t\t\t<\/div>\n\t\t\t\t<\/div>\n\t\t\t\t\t<\/div>\n\t\t\t\t<\/div>\n\t\t<div class=\"elementor-element elementor-element-5df3de7 e-flex e-con-boxed e-con e-parent\" data-id=\"5df3de7\" data-element_type=\"container\">\n\t\t\t\t\t<div class=\"e-con-inner\">\n\t\t\t\t<div class=\"elementor-element elementor-element-c47821c elementor-widget elementor-widget-text-editor\" data-id=\"c47821c\" data-element_type=\"widget\" data-widget_type=\"text-editor.default\">\n\t\t\t\t<div class=\"elementor-widget-container\">\n\t\t\t\t\t\t\t\t\t<p><span style=\"border: 0px solid #d9d9e3; --tw-border-spacing-x: 0; --tw-border-spacing-y: 0; --tw-translate-x: 0; --tw-translate-y: 0; --tw-rotate: 0; --tw-skew-x: 0; --tw-skew-y: 0; --tw-scale-x: 1; --tw-scale-y: 1; --tw-scroll-snap-strictness: proximity; --tw-ring-offset-width: 0px; --tw-ring-offset-color: #fff; --tw-ring-color: rgba(69,89,164,.5); --tw-ring-offset-shadow: 0 0 transparent; --tw-ring-shadow: 0 0 transparent; --tw-shadow: 0 0 transparent; --tw-shadow-colored: 0 0 transparent; font-weight: 600; color: var(--tw-prose-bold);\"><img fetchpriority=\"high\" decoding=\"async\" class=\"alignright wp-image-723\" src=\"https:\/\/allroundcleaningprofessionals.nl\/wp-content\/uploads\/2023\/08\/PHOTO-2023-08-26-12-09-56-300x300.jpg\" alt=\"\" width=\"400\" height=\"400\" srcset=\"https:\/\/allroundcleaningprofessionals.nl\/wp-content\/uploads\/2023\/08\/PHOTO-2023-08-26-12-09-56-300x300.jpg 300w, https:\/\/allroundcleaningprofessionals.nl\/wp-content\/uploads\/2023\/08\/PHOTO-2023-08-26-12-09-56-1024x1024.jpg 1024w, https:\/\/allroundcleaningprofessionals.nl\/wp-content\/uploads\/2023\/08\/PHOTO-2023-08-26-12-09-56-150x150.jpg 150w, https:\/\/allroundcleaningprofessionals.nl\/wp-content\/uploads\/2023\/08\/PHOTO-2023-08-26-12-09-56-768x768.jpg 768w, https:\/\/allroundcleaningprofessionals.nl\/wp-content\/uploads\/2023\/08\/PHOTO-2023-08-26-12-09-56-1536x1536.jpg 1536w, https:\/\/allroundcleaningprofessionals.nl\/wp-content\/uploads\/2023\/08\/PHOTO-2023-08-26-12-09-56.jpg 1599w\" sizes=\"(max-width: 400px) 100vw, 400px\" \/>Functieomschrijving:<\/span><br>Wij zijn op zoek naar een enthousiaste en gemotiveerde schoonmaker om ons team te versterken. Als schoonmaker ben je verantwoordelijk voor het schoonhouden en onderhouden van verschillende ruimtes van diverse bedrijven. Je zult een essenti\u00eble rol spelen in het cre\u00ebren van een schone, hygi\u00ebnische en gastvrije omgeving voor zowel medewerkers als bezoekers.<\/p>\n<p style=\"border-style: solid; border-color: #d9d9e3; --tw-border-spacing-x: 0; --tw-border-spacing-y: 0; --tw-translate-x: 0; --tw-translate-y: 0; --tw-rotate: 0; --tw-skew-x: 0; --tw-skew-y: 0; --tw-scale-x: 1; --tw-scale-y: 1; --tw-scroll-snap-strictness: proximity; --tw-ring-offset-width: 0px; --tw-ring-offset-color: #fff; --tw-ring-color: rgba(69,89,164,.5); --tw-ring-offset-shadow: 0 0 transparent; --tw-ring-shadow: 0 0 transparent; --tw-shadow: 0 0 transparent; --tw-shadow-colored: 0 0 transparent; margin-top: 1.25em; margin-bottom: 1.25em; color: #374151; font-family: S\u00f6hne, ui-sans-serif, system-ui, -apple-system, 'Segoe UI', Roboto, Ubuntu, Cantarell, 'Noto Sans', sans-serif, 'Helvetica Neue', Arial, 'Apple Color Emoji', 'Segoe UI Emoji', 'Segoe UI Symbol', 'Noto Color Emoji'; font-size: 16px; font-style: normal; font-weight: 400; white-space-collapse: preserve; background-color: #f7f7f8;\"><span style=\"border: 0px solid #d9d9e3; --tw-border-spacing-x: 0; --tw-border-spacing-y: 0; --tw-translate-x: 0; --tw-translate-y: 0; --tw-rotate: 0; --tw-skew-x: 0; --tw-skew-y: 0; --tw-scale-x: 1; --tw-scale-y: 1; --tw-scroll-snap-strictness: proximity; --tw-ring-offset-width: 0px; --tw-ring-offset-color: #fff; --tw-ring-color: rgba(69,89,164,.5); --tw-ring-offset-shadow: 0 0 transparent; --tw-ring-shadow: 0 0 transparent; --tw-shadow: 0 0 transparent; --tw-shadow-colored: 0 0 transparent; font-weight: 600; color: var(--tw-prose-bold);\">Verantwoordelijkheden:<\/span><\/p>\n<ul>\n<li>Dagelijkse schoonmaak van kantoren, vergaderruimtes, sanitaire voorzieningen en gemeenschappelijke ruimtes.<\/li>\n<li>Stofzuigen, dweilen en vegen van vloeren.<\/li>\n<li>Het reinigen van ramen en glazen oppervlakken.<\/li>\n<li>Leegmaken en schoonmaken van prullenbakken.<\/li>\n<li>Onderhouden van een opgeruimde en georganiseerde werkplek.<\/li>\n<li>Signaleren van eventuele schoonmaak- of onderhoudsbehoeften.<\/li>\n<li>Samenwerken met collega&#8217;s om een hoog niveau van netheid en hygi\u00ebne te handhaven.<\/li>\n<\/ul>\n<p style=\"border-style: solid; border-color: #d9d9e3; --tw-border-spacing-x: 0; --tw-border-spacing-y: 0; --tw-translate-x: 0; --tw-translate-y: 0; --tw-rotate: 0; --tw-skew-x: 0; --tw-skew-y: 0; --tw-scale-x: 1; --tw-scale-y: 1; --tw-scroll-snap-strictness: proximity; --tw-ring-offset-width: 0px; --tw-ring-offset-color: #fff; --tw-ring-color: rgba(69,89,164,.5); --tw-ring-offset-shadow: 0 0 transparent; --tw-ring-shadow: 0 0 transparent; --tw-shadow: 0 0 transparent; --tw-shadow-colored: 0 0 transparent; margin-top: 1.25em; margin-bottom: 1.25em; color: #374151; font-family: S\u00f6hne, ui-sans-serif, system-ui, -apple-system, 'Segoe UI', Roboto, Ubuntu, Cantarell, 'Noto Sans', sans-serif, 'Helvetica Neue', Arial, 'Apple Color Emoji', 'Segoe UI Emoji', 'Segoe UI Symbol', 'Noto Color Emoji'; font-size: 16px; font-style: normal; font-weight: 400; white-space-collapse: preserve; background-color: #f7f7f8;\"><span style=\"border: 0px solid #d9d9e3; --tw-border-spacing-x: 0; --tw-border-spacing-y: 0; --tw-translate-x: 0; --tw-translate-y: 0; --tw-rotate: 0; --tw-skew-x: 0; --tw-skew-y: 0; --tw-scale-x: 1; --tw-scale-y: 1; --tw-scroll-snap-strictness: proximity; --tw-ring-offset-width: 0px; --tw-ring-offset-color: #fff; --tw-ring-color: rgba(69,89,164,.5); --tw-ring-offset-shadow: 0 0 transparent; --tw-ring-shadow: 0 0 transparent; --tw-shadow: 0 0 transparent; --tw-shadow-colored: 0 0 transparent; font-weight: 600; color: var(--tw-prose-bold);\">Vereisten:<\/span><\/p>\n<ul>\n<li>Ervaring in schoonmaakwerkzaamheden is een pluspunt, maar niet strikt noodzakelijk.<\/li>\n<li>Vermogen om zelfstandig te werken en verantwoordelijkheid te nemen voor je taken.<\/li>\n<li>Oog voor detail en streven naar een uitstekende schoonmaakstandaard.<\/li>\n<li>Goede communicatieve vaardigheden, zowel in het Nederlands als in het Engels.<\/li>\n<li>Betrouwbaarheid en punctualiteit zijn essentieel.<\/li>\n<li>Fysiek in staat om repetitieve taken uit te voeren en te staan gedurende langere periodes.<\/li>\n<\/ul>\n<p style=\"border-style: solid; border-color: #d9d9e3; --tw-border-spacing-x: 0; --tw-border-spacing-y: 0; --tw-translate-x: 0; --tw-translate-y: 0; --tw-rotate: 0; --tw-skew-x: 0; --tw-skew-y: 0; --tw-scale-x: 1; --tw-scale-y: 1; --tw-scroll-snap-strictness: proximity; --tw-ring-offset-width: 0px; --tw-ring-offset-color: #fff; --tw-ring-color: rgba(69,89,164,.5); --tw-ring-offset-shadow: 0 0 transparent; --tw-ring-shadow: 0 0 transparent; --tw-shadow: 0 0 transparent; --tw-shadow-colored: 0 0 transparent; margin-top: 1.25em; margin-bottom: 1.25em; color: #374151; font-family: S\u00f6hne, ui-sans-serif, system-ui, -apple-system, 'Segoe UI', Roboto, Ubuntu, Cantarell, 'Noto Sans', sans-serif, 'Helvetica Neue', Arial, 'Apple Color Emoji', 'Segoe UI Emoji', 'Segoe UI Symbol', 'Noto Color Emoji'; font-size: 16px; font-style: normal; font-weight: 400; white-space-collapse: preserve; background-color: #f7f7f8;\"><span style=\"border: 0px solid #d9d9e3; --tw-border-spacing-x: 0; --tw-border-spacing-y: 0; --tw-translate-x: 0; --tw-translate-y: 0; --tw-rotate: 0; --tw-skew-x: 0; --tw-skew-y: 0; --tw-scale-x: 1; --tw-scale-y: 1; --tw-scroll-snap-strictness: proximity; --tw-ring-offset-width: 0px; --tw-ring-offset-color: #fff; --tw-ring-color: rgba(69,89,164,.5); --tw-ring-offset-shadow: 0 0 transparent; --tw-ring-shadow: 0 0 transparent; --tw-shadow: 0 0 transparent; --tw-shadow-colored: 0 0 transparent; font-weight: 600; color: var(--tw-prose-bold);\">Wij bieden:<\/span><\/p>\n<ul>\n<li><span style=\"font-style: inherit; font-weight: inherit; background-color: #f7f7f8; color: #374151; font-family: S\u00f6hne, ui-sans-serif, system-ui, -apple-system, 'Segoe UI', Roboto, Ubuntu, Cantarell, 'Noto Sans', sans-serif, 'Helvetica Neue', Arial, 'Apple Color Emoji', 'Segoe UI Emoji', 'Segoe UI Symbol', 'Noto Color Emoji'; white-space-collapse: preserve; text-align: var(--text-align);\">Een deeltijds\/voltijds contract als schoonmaker.<\/span><\/li>\n<li><span style=\"font-style: inherit; font-weight: inherit; background-color: #f7f7f8; color: #374151; font-family: S\u00f6hne, ui-sans-serif, system-ui, -apple-system, 'Segoe UI', Roboto, Ubuntu, Cantarell, 'Noto Sans', sans-serif, 'Helvetica Neue', Arial, 'Apple Color Emoji', 'Segoe UI Emoji', 'Segoe UI Symbol', 'Noto Color Emoji'; white-space-collapse: preserve; text-align: var(--text-align);\">Een aangename werkomgeving binnen een dynamisch team.<\/span><\/li>\n<li><span style=\"font-style: inherit; font-weight: inherit; background-color: #f7f7f8; color: #374151; font-family: S\u00f6hne, ui-sans-serif, system-ui, -apple-system, 'Segoe UI', Roboto, Ubuntu, Cantarell, 'Noto Sans', sans-serif, 'Helvetica Neue', Arial, 'Apple Color Emoji', 'Segoe UI Emoji', 'Segoe UI Symbol', 'Noto Color Emoji'; white-space-collapse: preserve; text-align: var(--text-align);\">Mogelijkheden voor professionele groei en ontwikkeling.<\/span><\/li>\n<li><span style=\"font-style: inherit; font-weight: inherit; background-color: #f7f7f8; color: #374151; font-family: S\u00f6hne, ui-sans-serif, system-ui, -apple-system, 'Segoe UI', Roboto, Ubuntu, Cantarell, 'Noto Sans', sans-serif, 'Helvetica Neue', Arial, 'Apple Color Emoji', 'Segoe UI Emoji', 'Segoe UI Symbol', 'Noto Color Emoji'; white-space-collapse: preserve; text-align: var(--text-align);\">Competitief salaris en secundaire arbeidsvoorwaarden.<\/span><\/li>\n<\/ul>\n<p style=\"border-style: solid; border-color: #d9d9e3; --tw-border-spacing-x: 0; --tw-border-spacing-y: 0; --tw-translate-x: 0; --tw-translate-y: 0; --tw-rotate: 0; --tw-skew-x: 0; --tw-skew-y: 0; --tw-scale-x: 1; --tw-scale-y: 1; --tw-scroll-snap-strictness: proximity; --tw-ring-offset-width: 0px; --tw-ring-offset-color: #fff; --tw-ring-color: rgba(69,89,164,.5); --tw-ring-offset-shadow: 0 0 transparent; --tw-ring-shadow: 0 0 transparent; --tw-shadow: 0 0 transparent; --tw-shadow-colored: 0 0 transparent; margin-top: 1.25em; margin-bottom: 1.25em; color: #374151; font-family: S\u00f6hne, ui-sans-serif, system-ui, -apple-system, 'Segoe UI', Roboto, Ubuntu, Cantarell, 'Noto Sans', sans-serif, 'Helvetica Neue', Arial, 'Apple Color Emoji', 'Segoe UI Emoji', 'Segoe UI Symbol', 'Noto Color Emoji'; font-size: 16px; font-style: normal; font-weight: 400; white-space-collapse: preserve; background-color: #f7f7f8;\">Ben jij iemand die graag een positieve bijdrage levert aan de werkplek door middel van schoonmaak en onderhoud? Wil je deel uitmaken van ons team en bijdragen aan een schone en georganiseerde omgeving? Aarzel dan niet om te solliciteren als schoonmaker bij Allround Cleaning Professionals. Stuur je cv en een korte motivatiebrief naar info@allroundcleaningprofessionals.nl of neem contact op via 085 060 3426 appje mag ook, en wie weet verwelkomen we jou binnenkort in ons team!<\/p>\t\t\t\t\t\t\t\t<\/div>\n\t\t\t\t<\/div>\n\t\t\t\t<div class=\"elementor-element elementor-element-5777ac0 elementor-widget elementor-widget-button\" data-id=\"5777ac0\" data-element_type=\"widget\" data-widget_type=\"button.default\">\n\t\t\t\t<div class=\"elementor-widget-container\">\n\t\t\t\t\t\t\t\t\t<div class=\"elementor-button-wrapper\">\n\t\t\t\t\t<a class=\"elementor-button elementor-button-link elementor-size-sm\" href=\"https:\/\/allroundcleaningprofessionals.nl\/index.php\/sollicitatie\/\" target=\"_blank\">\n\t\t\t\t\t\t<span class=\"elementor-button-content-wrapper\">\n\t\t\t\t\t\t\t\t\t<span class=\"elementor-button-text\">Solliciteer direct!<\/span>\n\t\t\t\t\t<\/span>\n\t\t\t\t\t<\/a>\n\t\t\t\t<\/div>\n\t\t\t\t\t\t\t\t<\/div>\n\t\t\t\t<\/div>\n\t\t\t\t\t<\/div>\n\t\t\t\t<\/div>\n\t\t\t\t<\/div>\n\t\t","protected":false},"excerpt":{"rendered":"<p>Kom ons team versterken Ben jij een echte schoonmaak professional? Functieomschrijving:Wij zijn op zoek naar een enthousiaste en gemotiveerde schoonmaker om ons team te versterken. Als schoonmaker ben je verantwoordelijk voor het schoonhouden en onderhouden van verschillende ruimtes van diverse bedrijven. Je zult een essenti\u00eble rol spelen in het cre\u00ebren van een schone, hygi\u00ebnische en &hellip;<\/p>\n<p class=\"read-more\"> <a class=\"\" href=\"https:\/\/allroundcleaningprofessionals.nl\/index.php\/projects\/\"> <span class=\"screen-reader-text\">werken bij<\/span> Lees meer &raquo;<\/a><\/p>\n","protected":false},"author":1,"featured_media":0,"parent":0,"menu_order":0,"comment_status":"closed","ping_status":"closed","template":"","meta":{"site-sidebar-layout":"no-sidebar","site-content-layout":"page-builder","ast-global-header-display":"","ast-banner-title-visibility":"","ast-main-header-display":"","ast-hfb-above-header-display":"","ast-hfb-below-header-display":"","ast-hfb-mobile-header-display":"","site-post-title":"disabled","ast-breadcrumbs-content":"","ast-featured-img":"disabled","footer-sml-layout":"","theme-transparent-header-meta":"enabled","adv-header-id-meta":"","stick-header-meta":"","header-above-stick-meta":"","header-main-stick-meta":"","header-below-stick-meta":"","_joinchat":[],"footnotes":""},"class_list":["post-543","page","type-page","status-publish","hentry"],"_links":{"self":[{"href":"https:\/\/allroundcleaningprofessionals.nl\/index.php\/wp-json\/wp\/v2\/pages\/543","targetHints":{"allow":["GET"]}}],"collection":[{"href":"https:\/\/allroundcleaningprofessionals.nl\/index.php\/wp-json\/wp\/v2\/pages"}],"about":[{"href":"https:\/\/allroundcleaningprofessionals.nl\/index.php\/wp-json\/wp\/v2\/types\/page"}],"author":[{"embeddable":true,"href":"https:\/\/allroundcleaningprofessionals.nl\/index.php\/wp-json\/wp\/v2\/users\/1"}],"replies":[{"embeddable":true,"href":"https:\/\/allroundcleaningprofessionals.nl\/index.php\/wp-json\/wp\/v2\/comments?post=543"}],"version-history":[{"count":28,"href":"https:\/\/allroundcleaningprofessionals.nl\/index.php\/wp-json\/wp\/v2\/pages\/543\/revisions"}],"predecessor-version":[{"id":1127,"href":"https:\/\/allroundcleaningprofessionals.nl\/index.php\/wp-json\/wp\/v2\/pages\/543\/revisions\/1127"}],"wp:attachment":[{"href":"https:\/\/allroundcleaningprofessionals.nl\/index.php\/wp-json\/wp\/v2\/media?parent=543"}],"curies":[{"name":"wp","href":"https:\/\/api.w.org\/{rel}","templated":true}]}}